{"id":6060,"date":"2025-03-18T09:53:05","date_gmt":"2025-03-18T13:53:05","guid":{"rendered":"https:\/\/commissionnairesquebec.ca\/contact\/"},"modified":"2025-03-18T10:02:17","modified_gmt":"2025-03-18T14:02:17","slug":"contact","status":"publish","type":"page","link":"https:\/\/commissionnairesquebec.ca\/en\/contact\/","title":{"rendered":"Contact"},"content":{"rendered":"\t\t<div data-elementor-type=\"wp-page\" data-elementor-id=\"6060\" class=\"elementor elementor-6060 elementor-6039\">\n\t\t\t\t<div class=\"elementor-element elementor-element-6bcb0a00 e-flex e-con-boxed e-con e-parent\" data-id=\"6bcb0a00\" data-element_type=\"container\" data-e-type=\"container\" id=\"1\" data-settings=\"{&quot;background_background&quot;:&quot;classic&quot;}\">\n\t\t\t\t\t<div class=\"e-con-inner\">\n\t\t\t\t<div class=\"elementor-element elementor-element-4cab24c3 elementor-widget elementor-widget-heading\" data-id=\"4cab24c3\" data-element_type=\"widget\" data-e-type=\"widget\" data-widget_type=\"heading.default\">\n\t\t\t\t<div class=\"elementor-widget-container\">\n\t\t\t\t\t<h1 class=\"elementor-heading-title elementor-size-default\">CONTACT THE TEAMS AT<br>COMMISSIONNAIRES DU QU\u00c9BEC<\/h1>\t\t\t\t<\/div>\n\t\t\t\t<\/div>\n\t\t\t\t<div class=\"elementor-element elementor-element-2e52a4fc elementor-widget elementor-widget-text-editor\" data-id=\"2e52a4fc\" data-element_type=\"widget\" data-e-type=\"widget\" data-widget_type=\"text-editor.default\">\n\t\t\t\t<div class=\"elementor-widget-container\">\n\t\t\t\t\t\t\t\t\t<p style=\"text-align: center;\">Do you have a question, need information, or simply want to send us a message? Fill out this form, and our team will <strong>ensure your request is promptly forwarded to the right contact<\/strong>. We guarantee efficient and personalized follow-up.<\/p>\t\t\t\t\t\t\t\t<\/div>\n\t\t\t\t<\/div>\n\t\t<div class=\"elementor-element elementor-element-1fd90ab8 e-con-full e-flex e-con e-child\" data-id=\"1fd90ab8\" data-element_type=\"container\" data-e-type=\"container\" data-settings=\"{&quot;background_background&quot;:&quot;classic&quot;}\">\n\t\t\t\t<div class=\"elementor-element elementor-element-61da08be elementor-widget__width-initial elementor-widget elementor-widget-shortcode\" data-id=\"61da08be\" data-element_type=\"widget\" data-e-type=\"widget\" data-widget_type=\"shortcode.default\">\n\t\t\t\t<div class=\"elementor-widget-container\">\n\t\t\t\t\t\t\t<div class=\"elementor-shortcode\">\n<div class=\"wpcf7 no-js\" id=\"wpcf7-f6037-o1\" lang=\"en-US\" dir=\"ltr\" data-wpcf7-id=\"6037\">\n<div class=\"screen-reader-response\"><p role=\"status\" aria-live=\"polite\" aria-atomic=\"true\"><\/p> <ul><\/ul><\/div>\n<form action=\"\/en\/wp-json\/wp\/v2\/pages\/6060#wpcf7-f6037-o1\" method=\"post\" class=\"wpcf7-form init\" aria-label=\"Contact form\" novalidate=\"novalidate\" data-status=\"init\">\n<fieldset class=\"hidden-fields-container\"><input type=\"hidden\" name=\"_wpcf7\" value=\"6037\" \/><input type=\"hidden\" name=\"_wpcf7_version\" value=\"6.1.5\" \/><input type=\"hidden\" name=\"_wpcf7_locale\" value=\"en_US\" \/><input type=\"hidden\" name=\"_wpcf7_unit_tag\" value=\"wpcf7-f6037-o1\" \/><input type=\"hidden\" name=\"_wpcf7_container_post\" value=\"0\" \/><input type=\"hidden\" name=\"_wpcf7_posted_data_hash\" value=\"\" \/><input type=\"hidden\" name=\"_wpcf7_recaptcha_response\" value=\"\" \/>\n<\/fieldset>\n<label> Your Company (optional)\n    <span class=\"wpcf7-form-control-wrap\" data-name=\"company\"><input size=\"40\" maxlength=\"400\" class=\"wpcf7-form-control wpcf7-text\" aria-invalid=\"false\" value=\"\" type=\"text\" name=\"company\" \/><\/span> <\/label>\n\n<label> Your Name\n    <span class=\"wpcf7-form-control-wrap\" data-name=\"your-name\"><input size=\"40\" maxlength=\"400\" class=\"wpcf7-form-control wpcf7-text wpcf7-validates-as-required\" autocomplete=\"name\" aria-required=\"true\" aria-invalid=\"false\" value=\"\" type=\"text\" name=\"your-name\" \/><\/span> <\/label>\n\n<label> Your Email\n    <span class=\"wpcf7-form-control-wrap\" data-name=\"your-email\"><input size=\"40\" maxlength=\"400\" class=\"wpcf7-form-control wpcf7-email wpcf7-validates-as-required wpcf7-text wpcf7-validates-as-email\" autocomplete=\"email\" aria-required=\"true\" aria-invalid=\"false\" value=\"\" type=\"email\" name=\"your-email\" \/><\/span> <\/label>\n\n<label> Your Phone\n    <span class=\"wpcf7-form-control-wrap\" data-name=\"your-phone\"><input size=\"40\" maxlength=\"400\" class=\"wpcf7-form-control wpcf7-tel wpcf7-validates-as-required wpcf7-text wpcf7-validates-as-tel\" autocomplete=\"tel\" aria-required=\"true\" aria-invalid=\"false\" value=\"\" type=\"tel\" name=\"your-phone\" \/><\/span> <\/label>\n\n<label> Subject\n    <span class=\"wpcf7-form-control-wrap\" data-name=\"your-subject\"><input size=\"40\" maxlength=\"400\" class=\"wpcf7-form-control wpcf7-text wpcf7-validates-as-required\" aria-required=\"true\" aria-invalid=\"false\" value=\"\" type=\"text\" name=\"your-subject\" \/><\/span> <\/label>\n\n<label> Your Message\n    <span class=\"wpcf7-form-control-wrap\" data-name=\"your-message\"><textarea cols=\"40\" rows=\"10\" maxlength=\"2000\" class=\"wpcf7-form-control wpcf7-textarea wpcf7-validates-as-required\" aria-required=\"true\" aria-invalid=\"false\" name=\"your-message\"><\/textarea><\/span> <\/label>\n\n<input class=\"wpcf7-form-control wpcf7-submit has-spinner cdqc-submit-transparent-dark\" type=\"submit\" value=\"Send\" \/><div class=\"wpcf7-response-output\" aria-hidden=\"true\"><\/div>\n<\/form>\n<\/div>\n<\/div>\n\t\t\t\t\t\t<\/div>\n\t\t\t\t<\/div>\n\t\t\t\t<\/div>\n\t\t\t\t<div class=\"elementor-element elementor-element-7a828446 elementor-widget elementor-widget-text-editor\" data-id=\"7a828446\" data-element_type=\"widget\" data-e-type=\"widget\" data-widget_type=\"text-editor.default\">\n\t\t\t\t<div class=\"elementor-widget-container\">\n\t\t\t\t\t\t\t\t\t<p>Gr\u00e2ce \u00e0 notre \u00e9quipe exp\u00e9riment\u00e9e et \u00e0 notre approche centr\u00e9e sur vos besoins, nous vous offrons des services personnalis\u00e9s pour prot\u00e9ger vos actifs, renforcer votre conformit\u00e9 et garantir votre tranquillit\u00e9 d\u2019esprit.<\/p><p>Ne laissez pas vos besoins professionnels en attente \u2013 commencez d\u00e8s aujourd\u2019hui avec des partenaires de confiance. <strong>Contactez-nous maintenant!<\/strong><\/p>\t\t\t\t\t\t\t\t<\/div>\n\t\t\t\t<\/div>\n\t\t\t\t\t<\/div>\n\t\t\t\t<\/div>\n\t\t\t\t<\/div>\n\t\t","protected":false},"excerpt":{"rendered":"<p>CONTACT THE TEAMS ATCOMMISSIONNAIRES DU QU\u00c9BEC Do you have a question, need information, or simply want to send us a message? Fill out this form, and our team will ensure your request is promptly forwarded to the right contact. We guarantee efficient and personalized follow-up. Gr\u00e2ce \u00e0 notre \u00e9quipe exp\u00e9riment\u00e9e et \u00e0 notre approche centr\u00e9e sur vos besoins, nous vous offrons des services personnalis\u00e9s pour [&hellip;]<\/p>\n","protected":false},"author":2,"featured_media":0,"parent":0,"menu_order":0,"comment_status":"closed","ping_status":"closed","template":"","meta":{"_acf_changed":false,"inline_featured_image":false,"site-sidebar-layout":"no-sidebar","site-content-layout":"","ast-site-content-layout":"full-width-container","site-content-style":"default","site-sidebar-style":"default","ast-global-header-display":"","ast-banner-title-visibility":"","ast-main-header-display":"","ast-hfb-above-header-display":"","ast-hfb-below-header-display":"","ast-hfb-mobile-header-display":"","site-post-title":"disabled","ast-breadcrumbs-content":"","ast-featured-img":"disabled","footer-sml-layout":"","ast-disable-related-posts":"","theme-transparent-header-meta":"","adv-header-id-meta":"","stick-header-meta":"","header-above-stick-meta":"","header-main-stick-meta":"","header-below-stick-meta":"","astra-migrate-meta-layouts":"default","ast-page-background-enabled":"default","ast-page-background-meta":{"desktop":{"background-color":"var(--ast-global-color-4)","background-image":"","background-repeat":"repeat","background-position":"center center","background-size":"auto","background-attachment":"scroll","background-type":"","background-media":"","overlay-type":"","overlay-color":"","overlay-opacity":"","overlay-gradient":""},"tablet":{"background-color":"","background-image":"","background-repeat":"repeat","background-position":"center center","background-size":"auto","background-attachment":"scroll","background-type":"","background-media":"","overlay-type":"","overlay-color":"","overlay-opacity":"","overlay-gradient":""},"mobile":{"background-color":"","background-image":"","background-repeat":"repeat","background-position":"center center","background-size":"auto","background-attachment":"scroll","background-type":"","background-media":"","overlay-type":"","overlay-color":"","overlay-opacity":"","overlay-gradient":""}},"ast-content-background-meta":{"desktop":{"background-color":"var(--ast-global-color-5)","background-image":"","background-repeat":"repeat","background-position":"center center","background-size":"auto","background-attachment":"scroll","background-type":"","background-media":"","overlay-type":"","overlay-color":"","overlay-opacity":"","overlay-gradient":""},"tablet":{"background-color":"var(--ast-global-color-5)","background-image":"","background-repeat":"repeat","background-position":"center center","background-size":"auto","background-attachment":"scroll","background-type":"","background-media":"","overlay-type":"","overlay-color":"","overlay-opacity":"","overlay-gradient":""},"mobile":{"background-color":"var(--ast-global-color-5)","background-image":"","background-repeat":"repeat","background-position":"center center","background-size":"auto","background-attachment":"scroll","background-type":"","background-media":"","overlay-type":"","overlay-color":"","overlay-opacity":"","overlay-gradient":""}},"footnotes":""},"class_list":["post-6060","page","type-page","status-publish","hentry"],"acf":[],"yoast_head":"<!-- This site is optimized with the Yoast SEO plugin v27.3 - https:\/\/yoast.com\/product\/yoast-seo-wordpress\/ -->\n<title>Contact - Commissionnaires du Qu\u00e9bec<\/title>\n<meta name=\"robots\" content=\"index, follow, max-snippet:-1, max-image-preview:large, max-video-preview:-1\" \/>\n<link rel=\"canonical\" href=\"https:\/\/commissionnairesquebec.ca\/en\/contact\/\" \/>\n<meta property=\"og:locale\" content=\"en_US\" \/>\n<meta property=\"og:type\" content=\"article\" \/>\n<meta property=\"og:title\" content=\"Contact - Commissionnaires du Qu\u00e9bec\" \/>\n<meta property=\"og:description\" content=\"CONTACT THE TEAMS ATCOMMISSIONNAIRES DU QU\u00c9BEC Do you have a question, need information, or simply want to send us a message? Fill out this form, and our team will ensure your request is promptly forwarded to the right contact. We guarantee efficient and personalized follow-up. Gr\u00e2ce \u00e0 notre \u00e9quipe exp\u00e9riment\u00e9e et \u00e0 notre approche centr\u00e9e sur vos besoins, nous vous offrons des services personnalis\u00e9s pour [&hellip;]\" \/>\n<meta property=\"og:url\" content=\"https:\/\/commissionnairesquebec.ca\/en\/contact\/\" \/>\n<meta property=\"og:site_name\" content=\"Commissionnaires du Qu\u00e9bec\" \/>\n<meta property=\"article:publisher\" content=\"https:\/\/www.facebook.com\/CommissionnairesduQuebec\" \/>\n<meta property=\"article:modified_time\" content=\"2025-03-18T14:02:17+00:00\" \/>\n<meta name=\"twitter:card\" content=\"summary_large_image\" \/>\n<meta name=\"twitter:label1\" content=\"Est. reading time\" \/>\n\t<meta name=\"twitter:data1\" content=\"1 minute\" \/>\n<script type=\"application\/ld+json\" class=\"yoast-schema-graph\">{\"@context\":\"https:\\\/\\\/schema.org\",\"@graph\":[{\"@type\":\"WebPage\",\"@id\":\"https:\\\/\\\/commissionnairesquebec.ca\\\/en\\\/contact\\\/\",\"url\":\"https:\\\/\\\/commissionnairesquebec.ca\\\/en\\\/contact\\\/\",\"name\":\"Contact - Commissionnaires du Qu\u00e9bec\",\"isPartOf\":{\"@id\":\"https:\\\/\\\/cdqc.mppn.ca\\\/#website\"},\"datePublished\":\"2025-03-18T13:53:05+00:00\",\"dateModified\":\"2025-03-18T14:02:17+00:00\",\"breadcrumb\":{\"@id\":\"https:\\\/\\\/commissionnairesquebec.ca\\\/en\\\/contact\\\/#breadcrumb\"},\"inLanguage\":\"en-US\",\"potentialAction\":[{\"@type\":\"ReadAction\",\"target\":[\"https:\\\/\\\/commissionnairesquebec.ca\\\/en\\\/contact\\\/\"]}]},{\"@type\":\"BreadcrumbList\",\"@id\":\"https:\\\/\\\/commissionnairesquebec.ca\\\/en\\\/contact\\\/#breadcrumb\",\"itemListElement\":[{\"@type\":\"ListItem\",\"position\":1,\"name\":\"Home\",\"item\":\"https:\\\/\\\/commissionnairesquebec.ca\\\/en\\\/\"},{\"@type\":\"ListItem\",\"position\":2,\"name\":\"Contact\"}]},{\"@type\":\"WebSite\",\"@id\":\"https:\\\/\\\/cdqc.mppn.ca\\\/#website\",\"url\":\"https:\\\/\\\/cdqc.mppn.ca\\\/\",\"name\":\"Commissionnaires du Qu\u00e9bec\",\"description\":\"Experts en s\u00e9curit\u00e9 et cybers\u00e9curit\u00e9 | Humains. Biens. Informations.\",\"publisher\":{\"@id\":\"https:\\\/\\\/cdqc.mppn.ca\\\/#organization\"},\"potentialAction\":[{\"@type\":\"SearchAction\",\"target\":{\"@type\":\"EntryPoint\",\"urlTemplate\":\"https:\\\/\\\/cdqc.mppn.ca\\\/?s={search_term_string}\"},\"query-input\":{\"@type\":\"PropertyValueSpecification\",\"valueRequired\":true,\"valueName\":\"search_term_string\"}}],\"inLanguage\":\"en-US\"},{\"@type\":\"Organization\",\"@id\":\"https:\\\/\\\/cdqc.mppn.ca\\\/#organization\",\"name\":\"Commissionnaires du Qu\u00e9bec\",\"url\":\"https:\\\/\\\/cdqc.mppn.ca\\\/\",\"logo\":{\"@type\":\"ImageObject\",\"inLanguage\":\"en-US\",\"@id\":\"https:\\\/\\\/cdqc.mppn.ca\\\/#\\\/schema\\\/logo\\\/image\\\/\",\"url\":\"https:\\\/\\\/commissionnairesquebec.ca\\\/wp-content\\\/uploads\\\/2025\\\/02\\\/logo-100-ans-commissionnaires-quebec-b-o.svg\",\"contentUrl\":\"https:\\\/\\\/commissionnairesquebec.ca\\\/wp-content\\\/uploads\\\/2025\\\/02\\\/logo-100-ans-commissionnaires-quebec-b-o.svg\",\"caption\":\"Commissionnaires du Qu\u00e9bec\"},\"image\":{\"@id\":\"https:\\\/\\\/cdqc.mppn.ca\\\/#\\\/schema\\\/logo\\\/image\\\/\"},\"sameAs\":[\"https:\\\/\\\/www.facebook.com\\\/CommissionnairesduQuebec\",\"https:\\\/\\\/www.linkedin.com\\\/company\\\/2028146\",\"https:\\\/\\\/www.instagram.com\\\/commissionnairesqc\\\/\",\"https:\\\/\\\/www.youtube.com\\\/@commissionnairesduquebec\"]}]}<\/script>\n<!-- \/ Yoast SEO plugin. -->","yoast_head_json":{"title":"Contact - Commissionnaires du Qu\u00e9bec","robots":{"index":"index","follow":"follow","max-snippet":"max-snippet:-1","max-image-preview":"max-image-preview:large","max-video-preview":"max-video-preview:-1"},"canonical":"https:\/\/commissionnairesquebec.ca\/en\/contact\/","og_locale":"en_US","og_type":"article","og_title":"Contact - Commissionnaires du Qu\u00e9bec","og_description":"CONTACT THE TEAMS ATCOMMISSIONNAIRES DU QU\u00c9BEC Do you have a question, need information, or simply want to send us a message? Fill out this form, and our team will ensure your request is promptly forwarded to the right contact. We guarantee efficient and personalized follow-up. Gr\u00e2ce \u00e0 notre \u00e9quipe exp\u00e9riment\u00e9e et \u00e0 notre approche centr\u00e9e sur vos besoins, nous vous offrons des services personnalis\u00e9s pour [&hellip;]","og_url":"https:\/\/commissionnairesquebec.ca\/en\/contact\/","og_site_name":"Commissionnaires du Qu\u00e9bec","article_publisher":"https:\/\/www.facebook.com\/CommissionnairesduQuebec","article_modified_time":"2025-03-18T14:02:17+00:00","twitter_card":"summary_large_image","twitter_misc":{"Est. reading time":"1 minute"},"schema":{"@context":"https:\/\/schema.org","@graph":[{"@type":"WebPage","@id":"https:\/\/commissionnairesquebec.ca\/en\/contact\/","url":"https:\/\/commissionnairesquebec.ca\/en\/contact\/","name":"Contact - Commissionnaires du Qu\u00e9bec","isPartOf":{"@id":"https:\/\/cdqc.mppn.ca\/#website"},"datePublished":"2025-03-18T13:53:05+00:00","dateModified":"2025-03-18T14:02:17+00:00","breadcrumb":{"@id":"https:\/\/commissionnairesquebec.ca\/en\/contact\/#breadcrumb"},"inLanguage":"en-US","potentialAction":[{"@type":"ReadAction","target":["https:\/\/commissionnairesquebec.ca\/en\/contact\/"]}]},{"@type":"BreadcrumbList","@id":"https:\/\/commissionnairesquebec.ca\/en\/contact\/#breadcrumb","itemListElement":[{"@type":"ListItem","position":1,"name":"Home","item":"https:\/\/commissionnairesquebec.ca\/en\/"},{"@type":"ListItem","position":2,"name":"Contact"}]},{"@type":"WebSite","@id":"https:\/\/cdqc.mppn.ca\/#website","url":"https:\/\/cdqc.mppn.ca\/","name":"Commissionnaires du Qu\u00e9bec","description":"Experts en s\u00e9curit\u00e9 et cybers\u00e9curit\u00e9 | Humains. Biens. Informations.","publisher":{"@id":"https:\/\/cdqc.mppn.ca\/#organization"},"potentialAction":[{"@type":"SearchAction","target":{"@type":"EntryPoint","urlTemplate":"https:\/\/cdqc.mppn.ca\/?s={search_term_string}"},"query-input":{"@type":"PropertyValueSpecification","valueRequired":true,"valueName":"search_term_string"}}],"inLanguage":"en-US"},{"@type":"Organization","@id":"https:\/\/cdqc.mppn.ca\/#organization","name":"Commissionnaires du Qu\u00e9bec","url":"https:\/\/cdqc.mppn.ca\/","logo":{"@type":"ImageObject","inLanguage":"en-US","@id":"https:\/\/cdqc.mppn.ca\/#\/schema\/logo\/image\/","url":"https:\/\/commissionnairesquebec.ca\/wp-content\/uploads\/2025\/02\/logo-100-ans-commissionnaires-quebec-b-o.svg","contentUrl":"https:\/\/commissionnairesquebec.ca\/wp-content\/uploads\/2025\/02\/logo-100-ans-commissionnaires-quebec-b-o.svg","caption":"Commissionnaires du Qu\u00e9bec"},"image":{"@id":"https:\/\/cdqc.mppn.ca\/#\/schema\/logo\/image\/"},"sameAs":["https:\/\/www.facebook.com\/CommissionnairesduQuebec","https:\/\/www.linkedin.com\/company\/2028146","https:\/\/www.instagram.com\/commissionnairesqc\/","https:\/\/www.youtube.com\/@commissionnairesduquebec"]}]}},"_links":{"self":[{"href":"https:\/\/commissionnairesquebec.ca\/en\/wp-json\/wp\/v2\/pages\/6060","targetHints":{"allow":["GET"]}}],"collection":[{"href":"https:\/\/commissionnairesquebec.ca\/en\/wp-json\/wp\/v2\/pages"}],"about":[{"href":"https:\/\/commissionnairesquebec.ca\/en\/wp-json\/wp\/v2\/types\/page"}],"author":[{"embeddable":true,"href":"https:\/\/commissionnairesquebec.ca\/en\/wp-json\/wp\/v2\/users\/2"}],"replies":[{"embeddable":true,"href":"https:\/\/commissionnairesquebec.ca\/en\/wp-json\/wp\/v2\/comments?post=6060"}],"version-history":[{"count":3,"href":"https:\/\/commissionnairesquebec.ca\/en\/wp-json\/wp\/v2\/pages\/6060\/revisions"}],"predecessor-version":[{"id":6063,"href":"https:\/\/commissionnairesquebec.ca\/en\/wp-json\/wp\/v2\/pages\/6060\/revisions\/6063"}],"wp:attachment":[{"href":"https:\/\/commissionnairesquebec.ca\/en\/wp-json\/wp\/v2\/media?parent=6060"}],"curies":[{"name":"wp","href":"https:\/\/api.w.org\/{rel}","templated":true}]}}