{"id":3737,"date":"2024-11-25T15:21:22","date_gmt":"2024-11-25T20:21:22","guid":{"rendered":"https:\/\/commissionnairesquebec.ca\/contact-services-aux-entreprises\/"},"modified":"2025-02-11T10:20:03","modified_gmt":"2025-02-11T15:20:03","slug":"contact-business-services","status":"publish","type":"page","link":"https:\/\/commissionnairesquebec.ca\/en\/contact-business-services\/","title":{"rendered":"Contact \u2013 Business Services"},"content":{"rendered":"\t\t<div data-elementor-type=\"wp-page\" data-elementor-id=\"3737\" class=\"elementor elementor-3737 elementor-79\">\n\t\t\t\t<div class=\"elementor-element elementor-element-b2a987f e-flex e-con-boxed e-con e-parent\" data-id=\"b2a987f\" data-element_type=\"container\" data-e-type=\"container\" data-settings=\"{&quot;background_background&quot;:&quot;classic&quot;}\">\n\t\t\t\t\t<div class=\"e-con-inner\">\n\t\t\t\t<div class=\"elementor-element elementor-element-94c4f27 elementor-widget elementor-widget-heading\" data-id=\"94c4f27\" data-element_type=\"widget\" data-e-type=\"widget\" data-widget_type=\"heading.default\">\n\t\t\t\t<div class=\"elementor-widget-container\">\n\t\t\t\t\t<h1 class=\"elementor-heading-title elementor-size-default\"><span style=\"color: #AFB3A8\">CONTACTS<\/span><br>BUSINESS SERVICES\n<\/h1>\t\t\t\t<\/div>\n\t\t\t\t<\/div>\n\t\t\t\t<div class=\"elementor-element elementor-element-32137e2 animated-slow elementor-view-default elementor-invisible elementor-widget elementor-widget-icon\" data-id=\"32137e2\" data-element_type=\"widget\" data-e-type=\"widget\" data-settings=\"{&quot;_animation&quot;:&quot;flash&quot;}\" data-widget_type=\"icon.default\">\n\t\t\t\t<div class=\"elementor-widget-container\">\n\t\t\t\t\t\t\t<div class=\"elementor-icon-wrapper\">\n\t\t\t<a class=\"elementor-icon\" href=\"#1\">\n\t\t\t<svg aria-hidden=\"true\" class=\"e-font-icon-svg e-fas-long-arrow-alt-down\" viewBox=\"0 0 256 512\" xmlns=\"http:\/\/www.w3.org\/2000\/svg\"><path d=\"M168 345.941V44c0-6.627-5.373-12-12-12h-56c-6.627 0-12 5.373-12 12v301.941H41.941c-21.382 0-32.09 25.851-16.971 40.971l86.059 86.059c9.373 9.373 24.569 9.373 33.941 0l86.059-86.059c15.119-15.119 4.411-40.971-16.971-40.971H168z\"><\/path><\/svg>\t\t\t<\/a>\n\t\t<\/div>\n\t\t\t\t\t\t<\/div>\n\t\t\t\t<\/div>\n\t\t\t\t\t<\/div>\n\t\t\t\t<\/div>\n\t\t<div class=\"elementor-element elementor-element-982c678 e-flex e-con-boxed e-con e-parent\" data-id=\"982c678\" data-element_type=\"container\" data-e-type=\"container\" id=\"1\">\n\t\t\t\t\t<div class=\"e-con-inner\">\n\t\t\t\t<div class=\"elementor-element elementor-element-541df66 elementor-widget elementor-widget-heading\" data-id=\"541df66\" data-element_type=\"widget\" data-e-type=\"widget\" data-widget_type=\"heading.default\">\n\t\t\t\t<div class=\"elementor-widget-container\">\n\t\t\t\t\t<h2 class=\"elementor-heading-title elementor-size-default\">Get a tailored solution for your business needs<br>with our professional services experts.\n<\/h2>\t\t\t\t<\/div>\n\t\t\t\t<\/div>\n\t\t\t\t<div class=\"elementor-element elementor-element-4b658b7 elementor-widget elementor-widget-text-editor\" data-id=\"4b658b7\" data-element_type=\"widget\" data-e-type=\"widget\" data-widget_type=\"text-editor.default\">\n\t\t\t\t<div class=\"elementor-widget-container\">\n\t\t\t\t\t\t\t\t\t<p style=\"text-align: center;\">Are you looking for reliable services to secure your facilities, enhance your cybersecurity, or benefit from expertise in investigations and remote monitoring? At <strong>Commissionnaires du Qu\u00e9bec<\/strong>, we support businesses like yours with solutions tailored to your specific challenges.<\/p>\n<strong>Ready to turn your challenges into opportunities?<\/strong> Fill out the form below to share your needs with us. One of our experts will contact you shortly to discuss a solution tailored to your expectations.\n\t\t\t\t\t\t\t\t<\/div>\n\t\t\t\t<\/div>\n\t\t<div class=\"elementor-element elementor-element-c4507e7 e-con-full e-flex e-con e-child\" data-id=\"c4507e7\" data-element_type=\"container\" data-e-type=\"container\" data-settings=\"{&quot;background_background&quot;:&quot;classic&quot;}\">\n\t\t\t\t<div class=\"elementor-element elementor-element-866646f elementor-widget__width-initial elementor-widget elementor-widget-shortcode\" data-id=\"866646f\" data-element_type=\"widget\" data-e-type=\"widget\" data-widget_type=\"shortcode.default\">\n\t\t\t\t<div class=\"elementor-widget-container\">\n\t\t\t\t\t\t\t<div class=\"elementor-shortcode\">\n<div class=\"wpcf7 no-js\" id=\"wpcf7-f3732-o1\" lang=\"en-US\" dir=\"ltr\" data-wpcf7-id=\"3732\">\n<div class=\"screen-reader-response\"><p role=\"status\" aria-live=\"polite\" aria-atomic=\"true\"><\/p> <ul><\/ul><\/div>\n<form action=\"\/en\/wp-json\/wp\/v2\/pages\/3737#wpcf7-f3732-o1\" method=\"post\" class=\"wpcf7-form init\" aria-label=\"Contact form\" novalidate=\"novalidate\" data-status=\"init\">\n<fieldset class=\"hidden-fields-container\"><input type=\"hidden\" name=\"_wpcf7\" value=\"3732\" \/><input type=\"hidden\" name=\"_wpcf7_version\" value=\"6.1.5\" \/><input type=\"hidden\" name=\"_wpcf7_locale\" value=\"en_US\" \/><input type=\"hidden\" name=\"_wpcf7_unit_tag\" value=\"wpcf7-f3732-o1\" \/><input type=\"hidden\" name=\"_wpcf7_container_post\" value=\"0\" \/><input type=\"hidden\" name=\"_wpcf7_posted_data_hash\" value=\"\" \/><input type=\"hidden\" name=\"_wpcf7_recaptcha_response\" value=\"\" \/>\n<\/fieldset>\n<label> Your Company\n    <span class=\"wpcf7-form-control-wrap\" data-name=\"company\"><input size=\"40\" maxlength=\"400\" class=\"wpcf7-form-control wpcf7-text wpcf7-validates-as-required\" aria-required=\"true\" aria-invalid=\"false\" value=\"\" type=\"text\" name=\"company\" \/><\/span>\n<\/label>\n\n<label> Your Name\n    <span class=\"wpcf7-form-control-wrap\" data-name=\"your-name\"><input size=\"40\" maxlength=\"400\" class=\"wpcf7-form-control wpcf7-text wpcf7-validates-as-required\" autocomplete=\"name\" aria-required=\"true\" aria-invalid=\"false\" value=\"\" type=\"text\" name=\"your-name\" \/><\/span>\n<\/label>\n\n<label> Your Email\n    <span class=\"wpcf7-form-control-wrap\" data-name=\"your-email\"><input size=\"40\" maxlength=\"400\" class=\"wpcf7-form-control wpcf7-email wpcf7-validates-as-required wpcf7-text wpcf7-validates-as-email\" autocomplete=\"email\" aria-required=\"true\" aria-invalid=\"false\" value=\"\" type=\"email\" name=\"your-email\" \/><\/span>\n<\/label>\n\n<label> Your Phone\n    <span class=\"wpcf7-form-control-wrap\" data-name=\"your-phone\"><input size=\"40\" maxlength=\"400\" class=\"wpcf7-form-control wpcf7-tel wpcf7-text wpcf7-validates-as-tel\" autocomplete=\"tel\" aria-invalid=\"false\" value=\"\" type=\"tel\" name=\"your-phone\" \/><\/span>\n<\/label>\n\n<label> Extension Number\n    <span class=\"wpcf7-form-control-wrap\" data-name=\"your-phone-ext\"><input size=\"40\" maxlength=\"400\" class=\"wpcf7-form-control wpcf7-text\" aria-invalid=\"false\" placeholder=\"e.g. 123\" value=\"\" type=\"text\" name=\"your-phone-ext\" \/><\/span>\n<\/label>\n\n<label> Subject\n    <span class=\"wpcf7-form-control-wrap\" data-name=\"your-subject\"><input size=\"40\" maxlength=\"400\" class=\"wpcf7-form-control wpcf7-text wpcf7-validates-as-required\" aria-required=\"true\" aria-invalid=\"false\" value=\"\" type=\"text\" name=\"your-subject\" \/><\/span>\n<\/label>\n\n<label> Your Message (optional)\n    <span class=\"wpcf7-form-control-wrap\" data-name=\"your-message\"><textarea cols=\"40\" rows=\"10\" maxlength=\"2000\" class=\"wpcf7-form-control wpcf7-textarea\" aria-invalid=\"false\" name=\"your-message\"><\/textarea><\/span>\n<\/label>\n\n<input class=\"wpcf7-form-control wpcf7-submit has-spinner cdqc-submit-transparent-dark\" type=\"submit\" value=\"Send\" \/><div class=\"wpcf7-response-output\" aria-hidden=\"true\"><\/div>\n<\/form>\n<\/div>\n<\/div>\n\t\t\t\t\t\t<\/div>\n\t\t\t\t<\/div>\n\t\t\t\t<\/div>\n\t\t\t\t<div class=\"elementor-element elementor-element-35cb52f elementor-widget elementor-widget-text-editor\" data-id=\"35cb52f\" data-element_type=\"widget\" data-e-type=\"widget\" data-widget_type=\"text-editor.default\">\n\t\t\t\t<div class=\"elementor-widget-container\">\n\t\t\t\t\t\t\t\t\t<p>Gr\u00e2ce \u00e0 notre \u00e9quipe exp\u00e9riment\u00e9e et \u00e0 notre approche centr\u00e9e sur vos besoins, nous vous offrons des services personnalis\u00e9s pour prot\u00e9ger vos actifs, renforcer votre conformit\u00e9 et garantir votre tranquillit\u00e9 d\u2019esprit.<\/p><p>Ne laissez pas vos besoins professionnels en attente \u2013 commencez d\u00e8s aujourd\u2019hui avec des partenaires de confiance. <strong>Contactez-nous maintenant!<\/strong><\/p>\t\t\t\t\t\t\t\t<\/div>\n\t\t\t\t<\/div>\n\t\t\t\t\t<\/div>\n\t\t\t\t<\/div>\n\t\t\t\t<\/div>\n\t\t","protected":false},"excerpt":{"rendered":"<p>CONTACTSBUSINESS SERVICES Get a tailored solution for your business needswith our professional services experts. Are you looking for reliable services to secure your facilities, enhance your cybersecurity, or benefit from expertise in investigations and remote monitoring? At Commissionnaires du Qu\u00e9bec, we support businesses like yours with solutions tailored to your specific challenges. Ready to turn your challenges into opportunities? Fill out the form below to [&hellip;]<\/p>\n","protected":false},"author":2,"featured_media":0,"parent":0,"menu_order":0,"comment_status":"closed","ping_status":"closed","template":"","meta":{"_acf_changed":false,"inline_featured_image":false,"site-sidebar-layout":"no-sidebar","site-content-layout":"","ast-site-content-layout":"full-width-container","site-content-style":"default","site-sidebar-style":"default","ast-global-header-display":"","ast-banner-title-visibility":"","ast-main-header-display":"","ast-hfb-above-header-display":"","ast-hfb-below-header-display":"","ast-hfb-mobile-header-display":"","site-post-title":"disabled","ast-breadcrumbs-content":"","ast-featured-img":"disabled","footer-sml-layout":"","ast-disable-related-posts":"","theme-transparent-header-meta":"","adv-header-id-meta":"","stick-header-meta":"","header-above-stick-meta":"","header-main-stick-meta":"","header-below-stick-meta":"","astra-migrate-meta-layouts":"default","ast-page-background-enabled":"default","ast-page-background-meta":{"desktop":{"background-color":"var(--ast-global-color-4)","background-image":"","background-repeat":"repeat","background-position":"center center","background-size":"auto","background-attachment":"scroll","background-type":"","background-media":"","overlay-type":"","overlay-color":"","overlay-opacity":"","overlay-gradient":""},"tablet":{"background-color":"","background-image":"","background-repeat":"repeat","background-position":"center center","background-size":"auto","background-attachment":"scroll","background-type":"","background-media":"","overlay-type":"","overlay-color":"","overlay-opacity":"","overlay-gradient":""},"mobile":{"background-color":"","background-image":"","background-repeat":"repeat","background-position":"center center","background-size":"auto","background-attachment":"scroll","background-type":"","background-media":"","overlay-type":"","overlay-color":"","overlay-opacity":"","overlay-gradient":""}},"ast-content-background-meta":{"desktop":{"background-color":"var(--ast-global-color-5)","background-image":"","background-repeat":"repeat","background-position":"center center","background-size":"auto","background-attachment":"scroll","background-type":"","background-media":"","overlay-type":"","overlay-color":"","overlay-opacity":"","overlay-gradient":""},"tablet":{"background-color":"var(--ast-global-color-5)","background-image":"","background-repeat":"repeat","background-position":"center center","background-size":"auto","background-attachment":"scroll","background-type":"","background-media":"","overlay-type":"","overlay-color":"","overlay-opacity":"","overlay-gradient":""},"mobile":{"background-color":"var(--ast-global-color-5)","background-image":"","background-repeat":"repeat","background-position":"center center","background-size":"auto","background-attachment":"scroll","background-type":"","background-media":"","overlay-type":"","overlay-color":"","overlay-opacity":"","overlay-gradient":""}},"footnotes":""},"class_list":["post-3737","page","type-page","status-publish","hentry"],"acf":[],"yoast_head":"<!-- This site is optimized with the Yoast SEO plugin v27.3 - https:\/\/yoast.com\/product\/yoast-seo-wordpress\/ -->\n<title>Contact \u2013 Business Services - Commissionnaires du Qu\u00e9bec<\/title>\n<meta name=\"robots\" content=\"index, follow, max-snippet:-1, max-image-preview:large, max-video-preview:-1\" \/>\n<link rel=\"canonical\" href=\"https:\/\/commissionnairesquebec.ca\/en\/contact-business-services\/\" \/>\n<meta property=\"og:locale\" content=\"en_US\" \/>\n<meta property=\"og:type\" content=\"article\" \/>\n<meta property=\"og:title\" content=\"Contact \u2013 Business Services - Commissionnaires du Qu\u00e9bec\" \/>\n<meta property=\"og:description\" content=\"CONTACTSBUSINESS SERVICES Get a tailored solution for your business needswith our professional services experts. Are you looking for reliable services to secure your facilities, enhance your cybersecurity, or benefit from expertise in investigations and remote monitoring? At Commissionnaires du Qu\u00e9bec, we support businesses like yours with solutions tailored to your specific challenges. Ready to turn your challenges into opportunities? Fill out the form below to [&hellip;]\" \/>\n<meta property=\"og:url\" content=\"https:\/\/commissionnairesquebec.ca\/en\/contact-business-services\/\" \/>\n<meta property=\"og:site_name\" content=\"Commissionnaires du Qu\u00e9bec\" \/>\n<meta property=\"article:publisher\" content=\"https:\/\/www.facebook.com\/CommissionnairesduQuebec\" \/>\n<meta property=\"article:modified_time\" content=\"2025-02-11T15:20:03+00:00\" \/>\n<meta name=\"twitter:card\" content=\"summary_large_image\" \/>\n<meta name=\"twitter:label1\" content=\"Est. reading time\" \/>\n\t<meta name=\"twitter:data1\" content=\"1 minute\" \/>\n<script type=\"application\/ld+json\" class=\"yoast-schema-graph\">{\"@context\":\"https:\\\/\\\/schema.org\",\"@graph\":[{\"@type\":\"WebPage\",\"@id\":\"https:\\\/\\\/commissionnairesquebec.ca\\\/en\\\/contact-business-services\\\/\",\"url\":\"https:\\\/\\\/commissionnairesquebec.ca\\\/en\\\/contact-business-services\\\/\",\"name\":\"Contact \u2013 Business Services - Commissionnaires du Qu\u00e9bec\",\"isPartOf\":{\"@id\":\"https:\\\/\\\/cdqc.mppn.ca\\\/#website\"},\"datePublished\":\"2024-11-25T20:21:22+00:00\",\"dateModified\":\"2025-02-11T15:20:03+00:00\",\"breadcrumb\":{\"@id\":\"https:\\\/\\\/commissionnairesquebec.ca\\\/en\\\/contact-business-services\\\/#breadcrumb\"},\"inLanguage\":\"en-US\",\"potentialAction\":[{\"@type\":\"ReadAction\",\"target\":[\"https:\\\/\\\/commissionnairesquebec.ca\\\/en\\\/contact-business-services\\\/\"]}]},{\"@type\":\"BreadcrumbList\",\"@id\":\"https:\\\/\\\/commissionnairesquebec.ca\\\/en\\\/contact-business-services\\\/#breadcrumb\",\"itemListElement\":[{\"@type\":\"ListItem\",\"position\":1,\"name\":\"Home\",\"item\":\"https:\\\/\\\/commissionnairesquebec.ca\\\/en\\\/\"},{\"@type\":\"ListItem\",\"position\":2,\"name\":\"Contact \u2013 Business Services\"}]},{\"@type\":\"WebSite\",\"@id\":\"https:\\\/\\\/cdqc.mppn.ca\\\/#website\",\"url\":\"https:\\\/\\\/cdqc.mppn.ca\\\/\",\"name\":\"Commissionnaires du Qu\u00e9bec\",\"description\":\"Experts en s\u00e9curit\u00e9 et cybers\u00e9curit\u00e9 | Humains. Biens. Informations.\",\"publisher\":{\"@id\":\"https:\\\/\\\/cdqc.mppn.ca\\\/#organization\"},\"potentialAction\":[{\"@type\":\"SearchAction\",\"target\":{\"@type\":\"EntryPoint\",\"urlTemplate\":\"https:\\\/\\\/cdqc.mppn.ca\\\/?s={search_term_string}\"},\"query-input\":{\"@type\":\"PropertyValueSpecification\",\"valueRequired\":true,\"valueName\":\"search_term_string\"}}],\"inLanguage\":\"en-US\"},{\"@type\":\"Organization\",\"@id\":\"https:\\\/\\\/cdqc.mppn.ca\\\/#organization\",\"name\":\"Commissionnaires du Qu\u00e9bec\",\"url\":\"https:\\\/\\\/cdqc.mppn.ca\\\/\",\"logo\":{\"@type\":\"ImageObject\",\"inLanguage\":\"en-US\",\"@id\":\"https:\\\/\\\/cdqc.mppn.ca\\\/#\\\/schema\\\/logo\\\/image\\\/\",\"url\":\"https:\\\/\\\/commissionnairesquebec.ca\\\/wp-content\\\/uploads\\\/2025\\\/02\\\/logo-100-ans-commissionnaires-quebec-b-o.svg\",\"contentUrl\":\"https:\\\/\\\/commissionnairesquebec.ca\\\/wp-content\\\/uploads\\\/2025\\\/02\\\/logo-100-ans-commissionnaires-quebec-b-o.svg\",\"caption\":\"Commissionnaires du Qu\u00e9bec\"},\"image\":{\"@id\":\"https:\\\/\\\/cdqc.mppn.ca\\\/#\\\/schema\\\/logo\\\/image\\\/\"},\"sameAs\":[\"https:\\\/\\\/www.facebook.com\\\/CommissionnairesduQuebec\",\"https:\\\/\\\/www.linkedin.com\\\/company\\\/2028146\",\"https:\\\/\\\/www.instagram.com\\\/commissionnairesqc\\\/\",\"https:\\\/\\\/www.youtube.com\\\/@commissionnairesduquebec\"]}]}<\/script>\n<!-- \/ Yoast SEO plugin. -->","yoast_head_json":{"title":"Contact \u2013 Business Services - Commissionnaires du Qu\u00e9bec","robots":{"index":"index","follow":"follow","max-snippet":"max-snippet:-1","max-image-preview":"max-image-preview:large","max-video-preview":"max-video-preview:-1"},"canonical":"https:\/\/commissionnairesquebec.ca\/en\/contact-business-services\/","og_locale":"en_US","og_type":"article","og_title":"Contact \u2013 Business Services - Commissionnaires du Qu\u00e9bec","og_description":"CONTACTSBUSINESS SERVICES Get a tailored solution for your business needswith our professional services experts. Are you looking for reliable services to secure your facilities, enhance your cybersecurity, or benefit from expertise in investigations and remote monitoring? At Commissionnaires du Qu\u00e9bec, we support businesses like yours with solutions tailored to your specific challenges. Ready to turn your challenges into opportunities? Fill out the form below to [&hellip;]","og_url":"https:\/\/commissionnairesquebec.ca\/en\/contact-business-services\/","og_site_name":"Commissionnaires du Qu\u00e9bec","article_publisher":"https:\/\/www.facebook.com\/CommissionnairesduQuebec","article_modified_time":"2025-02-11T15:20:03+00:00","twitter_card":"summary_large_image","twitter_misc":{"Est. reading time":"1 minute"},"schema":{"@context":"https:\/\/schema.org","@graph":[{"@type":"WebPage","@id":"https:\/\/commissionnairesquebec.ca\/en\/contact-business-services\/","url":"https:\/\/commissionnairesquebec.ca\/en\/contact-business-services\/","name":"Contact \u2013 Business Services - Commissionnaires du Qu\u00e9bec","isPartOf":{"@id":"https:\/\/cdqc.mppn.ca\/#website"},"datePublished":"2024-11-25T20:21:22+00:00","dateModified":"2025-02-11T15:20:03+00:00","breadcrumb":{"@id":"https:\/\/commissionnairesquebec.ca\/en\/contact-business-services\/#breadcrumb"},"inLanguage":"en-US","potentialAction":[{"@type":"ReadAction","target":["https:\/\/commissionnairesquebec.ca\/en\/contact-business-services\/"]}]},{"@type":"BreadcrumbList","@id":"https:\/\/commissionnairesquebec.ca\/en\/contact-business-services\/#breadcrumb","itemListElement":[{"@type":"ListItem","position":1,"name":"Home","item":"https:\/\/commissionnairesquebec.ca\/en\/"},{"@type":"ListItem","position":2,"name":"Contact \u2013 Business Services"}]},{"@type":"WebSite","@id":"https:\/\/cdqc.mppn.ca\/#website","url":"https:\/\/cdqc.mppn.ca\/","name":"Commissionnaires du Qu\u00e9bec","description":"Experts en s\u00e9curit\u00e9 et cybers\u00e9curit\u00e9 | Humains. Biens. Informations.","publisher":{"@id":"https:\/\/cdqc.mppn.ca\/#organization"},"potentialAction":[{"@type":"SearchAction","target":{"@type":"EntryPoint","urlTemplate":"https:\/\/cdqc.mppn.ca\/?s={search_term_string}"},"query-input":{"@type":"PropertyValueSpecification","valueRequired":true,"valueName":"search_term_string"}}],"inLanguage":"en-US"},{"@type":"Organization","@id":"https:\/\/cdqc.mppn.ca\/#organization","name":"Commissionnaires du Qu\u00e9bec","url":"https:\/\/cdqc.mppn.ca\/","logo":{"@type":"ImageObject","inLanguage":"en-US","@id":"https:\/\/cdqc.mppn.ca\/#\/schema\/logo\/image\/","url":"https:\/\/commissionnairesquebec.ca\/wp-content\/uploads\/2025\/02\/logo-100-ans-commissionnaires-quebec-b-o.svg","contentUrl":"https:\/\/commissionnairesquebec.ca\/wp-content\/uploads\/2025\/02\/logo-100-ans-commissionnaires-quebec-b-o.svg","caption":"Commissionnaires du Qu\u00e9bec"},"image":{"@id":"https:\/\/cdqc.mppn.ca\/#\/schema\/logo\/image\/"},"sameAs":["https:\/\/www.facebook.com\/CommissionnairesduQuebec","https:\/\/www.linkedin.com\/company\/2028146","https:\/\/www.instagram.com\/commissionnairesqc\/","https:\/\/www.youtube.com\/@commissionnairesduquebec"]}]}},"_links":{"self":[{"href":"https:\/\/commissionnairesquebec.ca\/en\/wp-json\/wp\/v2\/pages\/3737","targetHints":{"allow":["GET"]}}],"collection":[{"href":"https:\/\/commissionnairesquebec.ca\/en\/wp-json\/wp\/v2\/pages"}],"about":[{"href":"https:\/\/commissionnairesquebec.ca\/en\/wp-json\/wp\/v2\/types\/page"}],"author":[{"embeddable":true,"href":"https:\/\/commissionnairesquebec.ca\/en\/wp-json\/wp\/v2\/users\/2"}],"replies":[{"embeddable":true,"href":"https:\/\/commissionnairesquebec.ca\/en\/wp-json\/wp\/v2\/comments?post=3737"}],"version-history":[{"count":4,"href":"https:\/\/commissionnairesquebec.ca\/en\/wp-json\/wp\/v2\/pages\/3737\/revisions"}],"predecessor-version":[{"id":3754,"href":"https:\/\/commissionnairesquebec.ca\/en\/wp-json\/wp\/v2\/pages\/3737\/revisions\/3754"}],"wp:attachment":[{"href":"https:\/\/commissionnairesquebec.ca\/en\/wp-json\/wp\/v2\/media?parent=3737"}],"curies":[{"name":"wp","href":"https:\/\/api.w.org\/{rel}","templated":true}]}}